{"id":1218,"date":"2023-07-14T16:17:00","date_gmt":"2023-07-14T19:17:00","guid":{"rendered":"https:\/\/twistereventosok.com\/?page_id=1218"},"modified":"2023-07-14T17:21:22","modified_gmt":"2023-07-14T20:21:22","slug":"taller-de-pasteleria-creativa","status":"publish","type":"page","link":"https:\/\/twistereventosok.com\/index.php\/taller-de-pasteleria-creativa\/","title":{"rendered":"Taller de pasteleria creativa"},"content":{"rendered":"\n<div class=\"wp-block-media-text alignwide has-media-on-the-right is-stacked-on-mobile is-vertically-aligned-top\"><div class=\"wp-block-media-text__content\"><style>.wp-block-kadence-advancedheading.kt-adv-heading_dce905-ac, .wp-block-kadence-advancedheading.kt-adv-heading_dce905-ac[data-kb-block=\"kb-adv-heading_dce905-ac\"]{font-style:normal;}.wp-block-kadence-advancedheading.kt-adv-heading_dce905-ac mark.kt-highlight, .wp-block-kadence-advancedheading.kt-adv-heading_dce905-ac[data-kb-block=\"kb-adv-heading_dce905-ac\"] mark.kt-highlight{font-style:normal;color:#f76a0c;-webkit-box-decoration-break:clone;box-decoration-break:clone;padding-top:0px;padding-right:0px;padding-bottom:0px;padding-left:0px;}.wp-block-kadence-advancedheading.kt-adv-heading_dce905-ac img.kb-inline-image, .wp-block-kadence-advancedheading.kt-adv-heading_dce905-ac[data-kb-block=\"kb-adv-heading_dce905-ac\"] img.kb-inline-image{width:150px;vertical-align:baseline;}<\/style>\n<h2 class=\"kt-adv-heading_dce905-ac wp-block-kadence-advancedheading\" data-kb-block=\"kb-adv-heading_dce905-ac\">Taller de Pasteler\u00eda Creativa<\/h2>\n\n\n\n<p>En este fant\u00e1stico taller de 2 horas cada ni\u00f1o invitado tendra una caja con 1 cuo cake, 1 icepop y 1 cakepop.<br><br>Van a poder crear sus dise\u00f1os pasteleros con unos hermosos moldes de silicona con formitas. Le daran color a la masa y luego los aplicar\u00e1n sobre los comestibles.<br>Se llevan una cajita de souvenir con todo dentro.<br>Intentaremos no comer nada en el proceso jaja.<br><br>Segundo bloque maquillaje glitter, pulseras, tobilleras y obviamente juegos con m\u00fasica dependiendo gustos del grupo.<br><br>Para grupos mixtos obviamente hay m\u00e1s variables de moldes y en el segundo bloque realizamos juegos de desaf\u00edos y un taller de burbujas.<br><br>Llevamos todos los materiales.<br>A tener en cuenta que los dise\u00f1os de las cajas van variando dependiendo stock del proveedor pero son todas hermosas.<br><br>Edad recomendada  + 6 a\u00f1os.<\/p>\n\n\n<style>.wp-block-kadence-advancedbtn.kb-btns_12cbe0-ca{gap:var(--global-kb-gap-xs, 0.5rem );justify-content:flex-start;align-items:center;}.kt-btns_12cbe0-ca .kt-button{font-weight:normal;font-style:normal;}.kt-btns_12cbe0-ca .kt-btn-wrap-0{margin-right:5px;}.wp-block-kadence-advancedbtn.kt-btns_12cbe0-ca .kt-btn-wrap-0 .kt-button{color:#555555;border-color:#555555;}.wp-block-kadence-advancedbtn.kt-btns_12cbe0-ca .kt-btn-wrap-0 .kt-button:hover, .wp-block-kadence-advancedbtn.kt-btns_12cbe0-ca .kt-btn-wrap-0 .kt-button:focus{color:#ffffff;border-color:#444444;}.wp-block-kadence-advancedbtn.kt-btns_12cbe0-ca .kt-btn-wrap-0 .kt-button::before{display:none;}.wp-block-kadence-advancedbtn.kt-btns_12cbe0-ca .kt-btn-wrap-0 .kt-button:hover, .wp-block-kadence-advancedbtn.kt-btns_12cbe0-ca .kt-btn-wrap-0 .kt-button:focus{background:#444444;}<\/style>\n<div class=\"wp-block-kadence-advancedbtn kb-buttons-wrap kb-btns_12cbe0-ca\"><style>ul.menu .wp-block-kadence-advancedbtn .kb-btn_ce032b-39.kb-button{width:initial;}<\/style><a class=\"kb-button kt-button button kb-btn_ce032b-39 kt-btn-size-standard kt-btn-width-type-auto kb-btn-global-fill  kt-btn-has-text-true kt-btn-has-svg-false  wp-block-kadence-singlebtn\" href=\"https:\/\/twistereventosok.com\/index.php\/contact\/\"><span class=\"kt-btn-inner-text\">Cont\u00e1ctanos<\/span><\/a>\n\n<style>ul.menu .wp-block-kadence-advancedbtn .kb-btn_4817ef-ad.kb-button{width:initial;}<\/style><a class=\"kb-button kt-button button kb-btn_4817ef-ad kt-btn-size-standard kt-btn-width-type-auto kb-btn-global-fill  kt-btn-has-text-true kt-btn-has-svg-false  wp-block-kadence-singlebtn\" href=\"https:\/\/twistereventosok.com\/index.php\/eventos\/\"><span class=\"kt-btn-inner-text\">Ir a Eventos<\/span><\/a><\/div>\n<\/div><figure class=\"wp-block-media-text__media\"><img loading=\"lazy\" decoding=\"async\" width=\"874\" height=\"1024\" src=\"https:\/\/twistereventosok.com\/wp-content\/uploads\/2023\/07\/a.1-874x1024.jpg\" alt=\"\" class=\"wp-image-1219 size-full\" srcset=\"https:\/\/twistereventosok.com\/wp-content\/uploads\/2023\/07\/a.1-874x1024.jpg 874w, https:\/\/twistereventosok.com\/wp-content\/uploads\/2023\/07\/a.1-256x300.jpg 256w, https:\/\/twistereventosok.com\/wp-content\/uploads\/2023\/07\/a.1-768x900.jpg 768w, https:\/\/twistereventosok.com\/wp-content\/uploads\/2023\/07\/a.1.jpg 1080w\" sizes=\"auto, (max-width: 874px) 100vw, 874px\" \/><\/figure><\/div>\n","protected":false},"excerpt":{"rendered":"","protected":false},"author":1,"featured_media":0,"parent":0,"menu_order":0,"comment_status":"closed","ping_status":"closed","template":"","meta":{"om_disable_all_campaigns":false,"_monsterinsights_skip_tracking":false,"_monsterinsights_sitenote_active":false,"_monsterinsights_sitenote_note":"","_monsterinsights_sitenote_category":0,"_uf_show_specific_survey":0,"_uf_disable_surveys":false,"_kadence_starter_templates_imported_post":false,"_kad_post_transparent":"","_kad_post_title":"","_kad_post_layout":"","_kad_post_sidebar_id":"","_kad_post_content_style":"","_kad_post_vertical_padding":"","_kad_post_feature":"","_kad_post_feature_position":"","_kad_post_header":false,"_kad_post_footer":false,"_kad_post_classname":"","footnotes":""},"class_list":["post-1218","page","type-page","status-publish","hentry"],"aioseo_notices":[],"_links":{"self":[{"href":"https:\/\/twistereventosok.com\/index.php\/wp-json\/wp\/v2\/pages\/1218","targetHints":{"allow":["GET"]}}],"collection":[{"href":"https:\/\/twistereventosok.com\/index.php\/wp-json\/wp\/v2\/pages"}],"about":[{"href":"https:\/\/twistereventosok.com\/index.php\/wp-json\/wp\/v2\/types\/page"}],"author":[{"embeddable":true,"href":"https:\/\/twistereventosok.com\/index.php\/wp-json\/wp\/v2\/users\/1"}],"replies":[{"embeddable":true,"href":"https:\/\/twistereventosok.com\/index.php\/wp-json\/wp\/v2\/comments?post=1218"}],"version-history":[{"count":7,"href":"https:\/\/twistereventosok.com\/index.php\/wp-json\/wp\/v2\/pages\/1218\/revisions"}],"predecessor-version":[{"id":1239,"href":"https:\/\/twistereventosok.com\/index.php\/wp-json\/wp\/v2\/pages\/1218\/revisions\/1239"}],"wp:attachment":[{"href":"https:\/\/twistereventosok.com\/index.php\/wp-json\/wp\/v2\/media?parent=1218"}],"curies":[{"name":"wp","href":"https:\/\/api.w.org\/{rel}","templated":true}]}}