{"id":1232,"date":"2023-07-14T17:16:25","date_gmt":"2023-07-14T20:16:25","guid":{"rendered":"https:\/\/twistereventosok.com\/?page_id=1232"},"modified":"2023-07-14T17:21:41","modified_gmt":"2023-07-14T20:21:41","slug":"taller-de-vinchas","status":"publish","type":"page","link":"https:\/\/twistereventosok.com\/index.php\/taller-de-vinchas\/","title":{"rendered":"Taller de vinchas"},"content":{"rendered":"\n<div class=\"wp-block-media-text alignwide has-media-on-the-right is-stacked-on-mobile is-vertically-aligned-top\"><div class=\"wp-block-media-text__content\">\n<p><\/p>\n\n\n<style>.wp-block-kadence-advancedheading.kt-adv-heading_afa3fd-be, .wp-block-kadence-advancedheading.kt-adv-heading_afa3fd-be[data-kb-block=\"kb-adv-heading_afa3fd-be\"]{font-style:normal;}.wp-block-kadence-advancedheading.kt-adv-heading_afa3fd-be mark.kt-highlight, .wp-block-kadence-advancedheading.kt-adv-heading_afa3fd-be[data-kb-block=\"kb-adv-heading_afa3fd-be\"] mark.kt-highlight{font-style:normal;color:#f76a0c;-webkit-box-decoration-break:clone;box-decoration-break:clone;padding-top:0px;padding-right:0px;padding-bottom:0px;padding-left:0px;}.wp-block-kadence-advancedheading.kt-adv-heading_afa3fd-be img.kb-inline-image, .wp-block-kadence-advancedheading.kt-adv-heading_afa3fd-be[data-kb-block=\"kb-adv-heading_afa3fd-be\"] img.kb-inline-image{width:150px;vertical-align:baseline;}<\/style>\n<h2 class=\"kt-adv-heading_afa3fd-be wp-block-kadence-advancedheading\" data-kb-block=\"kb-adv-heading_afa3fd-be\">Taller de Vinchas<\/h2>\n\n\n\n<p>Taller de vinchas y hebillas + mekeup<br>El taller lo recomendamos a partir de 7 a\u00f1os en adelante.<br><br>Son 2 horas de animaci\u00f3n en donde en el primer bloque decoran con flores y gemas sus vinchas. Luego hacemos bailes o juegos con m\u00fasica y finalizamos con un taller de maquillaje para terminar con el look completo. Se llevan su vincha y hebilla como souvenir.<br><br>1 profe cada 15 ni\u00f1os <br><br>Llevamos todos los materiales y m\u00fasica. Ideal que tengan una mesa con sillas para la parte de maquillaje. Es un taller super completo donde se van a super divertir y no parar de jugar en ningun momento.<br><br>  <\/p>\n\n\n<style>.wp-block-kadence-advancedbtn.kb-btns_6c699a-1d{gap:var(--global-kb-gap-xs, 0.5rem );justify-content:flex-start;align-items:center;}.kt-btns_6c699a-1d .kt-button{font-weight:normal;font-style:normal;}.kt-btns_6c699a-1d .kt-btn-wrap-0{margin-right:5px;}.wp-block-kadence-advancedbtn.kt-btns_6c699a-1d .kt-btn-wrap-0 .kt-button{color:#555555;border-color:#555555;}.wp-block-kadence-advancedbtn.kt-btns_6c699a-1d .kt-btn-wrap-0 .kt-button:hover, .wp-block-kadence-advancedbtn.kt-btns_6c699a-1d .kt-btn-wrap-0 .kt-button:focus{color:#ffffff;border-color:#444444;}.wp-block-kadence-advancedbtn.kt-btns_6c699a-1d .kt-btn-wrap-0 .kt-button::before{display:none;}.wp-block-kadence-advancedbtn.kt-btns_6c699a-1d .kt-btn-wrap-0 .kt-button:hover, .wp-block-kadence-advancedbtn.kt-btns_6c699a-1d .kt-btn-wrap-0 .kt-button:focus{background:#444444;}<\/style>\n<div class=\"wp-block-kadence-advancedbtn kb-buttons-wrap kb-btns_6c699a-1d\"><style>ul.menu .wp-block-kadence-advancedbtn .kb-btn_dc8b38-4c.kb-button{width:initial;}<\/style><a class=\"kb-button kt-button button kb-btn_dc8b38-4c kt-btn-size-standard kt-btn-width-type-auto kb-btn-global-fill  kt-btn-has-text-true kt-btn-has-svg-false  wp-block-kadence-singlebtn\" href=\"https:\/\/twistereventosok.com\/index.php\/contact\/\"><span class=\"kt-btn-inner-text\">Cont\u00e1ctanos<\/span><\/a>\n\n<style>ul.menu .wp-block-kadence-advancedbtn .kb-btn_2219db-99.kb-button{width:initial;}<\/style><a class=\"kb-button kt-button button kb-btn_2219db-99 kt-btn-size-standard kt-btn-width-type-auto kb-btn-global-fill  kt-btn-has-text-true kt-btn-has-svg-false  wp-block-kadence-singlebtn\" href=\"https:\/\/twistereventosok.com\/index.php\/eventos\/\"><span class=\"kt-btn-inner-text\">Ir a Eventos<\/span><\/a><\/div>\n<\/div><figure class=\"wp-block-media-text__media\"><img loading=\"lazy\" decoding=\"async\" width=\"1024\" height=\"997\" src=\"https:\/\/twistereventosok.com\/wp-content\/uploads\/2023\/07\/a11-1024x997.jpg\" alt=\"\" class=\"wp-image-1233 size-full\" srcset=\"https:\/\/twistereventosok.com\/wp-content\/uploads\/2023\/07\/a11-1024x997.jpg 1024w, https:\/\/twistereventosok.com\/wp-content\/uploads\/2023\/07\/a11-300x292.jpg 300w, https:\/\/twistereventosok.com\/wp-content\/uploads\/2023\/07\/a11-768x748.jpg 768w, https:\/\/twistereventosok.com\/wp-content\/uploads\/2023\/07\/a11.jpg 1080w\" sizes=\"auto, (max-width: 1024px) 100vw, 1024px\" \/><\/figure><\/div>\n","protected":false},"excerpt":{"rendered":"","protected":false},"author":1,"featured_media":0,"parent":0,"menu_order":0,"comment_status":"closed","ping_status":"closed","template":"","meta":{"om_disable_all_campaigns":false,"_monsterinsights_skip_tracking":false,"_monsterinsights_sitenote_active":false,"_monsterinsights_sitenote_note":"","_monsterinsights_sitenote_category":0,"_uf_show_specific_survey":0,"_uf_disable_surveys":false,"_kadence_starter_templates_imported_post":false,"_kad_post_transparent":"","_kad_post_title":"","_kad_post_layout":"","_kad_post_sidebar_id":"","_kad_post_content_style":"","_kad_post_vertical_padding":"","_kad_post_feature":"","_kad_post_feature_position":"","_kad_post_header":false,"_kad_post_footer":false,"_kad_post_classname":"","footnotes":""},"class_list":["post-1232","page","type-page","status-publish","hentry"],"aioseo_notices":[],"_links":{"self":[{"href":"https:\/\/twistereventosok.com\/index.php\/wp-json\/wp\/v2\/pages\/1232","targetHints":{"allow":["GET"]}}],"collection":[{"href":"https:\/\/twistereventosok.com\/index.php\/wp-json\/wp\/v2\/pages"}],"about":[{"href":"https:\/\/twistereventosok.com\/index.php\/wp-json\/wp\/v2\/types\/page"}],"author":[{"embeddable":true,"href":"https:\/\/twistereventosok.com\/index.php\/wp-json\/wp\/v2\/users\/1"}],"replies":[{"embeddable":true,"href":"https:\/\/twistereventosok.com\/index.php\/wp-json\/wp\/v2\/comments?post=1232"}],"version-history":[{"count":4,"href":"https:\/\/twistereventosok.com\/index.php\/wp-json\/wp\/v2\/pages\/1232\/revisions"}],"predecessor-version":[{"id":1240,"href":"https:\/\/twistereventosok.com\/index.php\/wp-json\/wp\/v2\/pages\/1232\/revisions\/1240"}],"wp:attachment":[{"href":"https:\/\/twistereventosok.com\/index.php\/wp-json\/wp\/v2\/media?parent=1232"}],"curies":[{"name":"wp","href":"https:\/\/api.w.org\/{rel}","templated":true}]}}