{"id":889,"date":"2023-06-24T20:04:09","date_gmt":"2023-06-24T23:04:09","guid":{"rendered":"https:\/\/twistereventosok.com\/?page_id=889"},"modified":"2023-07-14T14:55:05","modified_gmt":"2023-07-14T17:55:05","slug":"fiesta-fluo","status":"publish","type":"page","link":"https:\/\/twistereventosok.com\/index.php\/fiesta-fluo\/","title":{"rendered":"Fiesta fluo"},"content":{"rendered":"<style>.kb-row-layout-id_4eb6e6-39 > .kt-row-column-wrap{align-content:center;}:where(.kb-row-layout-id_4eb6e6-39 > .kt-row-column-wrap) > .wp-block-kadence-column{justify-content:center;}.kb-row-layout-id_4eb6e6-39 > .kt-row-column-wrap{column-gap:var(--global-kb-gap-lg, 4rem);row-gap:var(--global-kb-gap-md, 2rem);max-width:var( --global-content-width, 1290px );padding-left:var(--global-content-edge-padding);padding-right:var(--global-content-edge-padding);padding-top:var(--global-kb-spacing-xl, 4rem);padding-bottom:var(--global-kb-spacing-xl, 4rem);grid-template-columns:repeat(2, minmax(0, 1fr));}.kb-row-layout-id_4eb6e6-39 > .kt-row-layout-overlay{opacity:0.30;}@media all and (max-width: 1024px){.kb-row-layout-id_4eb6e6-39 > .kt-row-column-wrap{column-gap:var(--global-kb-gap-md, 2rem);padding-top:var(--global-kb-spacing-lg, 3rem);padding-right:var(--global-kb-spacing-lg, 3rem);padding-bottom:var(--global-kb-spacing-lg, 3rem);padding-left:var(--global-kb-spacing-lg, 3rem);grid-template-columns:minmax(0, 1fr);}}@media all and (max-width: 767px){.kb-row-layout-id_4eb6e6-39 > .kt-row-column-wrap{grid-template-columns:minmax(0, 1fr);}}<\/style><div class=\"kb-row-layout-wrap kb-row-layout-id_4eb6e6-39 alignfull has-theme-palette9-background-color kt-row-has-bg wp-block-kadence-rowlayout\"><div class=\"kt-row-column-wrap kt-has-2-columns kt-row-layout-equal kt-tab-layout-row kt-mobile-layout-row kt-row-valign-middle kb-theme-content-width\">\n<style>.kadence-column_9d4315-f0 > .kt-inside-inner-col{display:flex;}.kadence-column_9d4315-f0 > .kt-inside-inner-col,.kadence-column_9d4315-f0 > .kt-inside-inner-col:before{border-top-left-radius:0px;border-top-right-radius:0px;border-bottom-right-radius:0px;border-bottom-left-radius:0px;}.kadence-column_9d4315-f0 > .kt-inside-inner-col{column-gap:var(--global-kb-gap-sm, 1rem);}.kadence-column_9d4315-f0 > .kt-inside-inner-col{flex-direction:column;justify-content:center;}.kadence-column_9d4315-f0 > .kt-inside-inner-col > .aligncenter{width:100%;}.kt-row-column-wrap > .kadence-column_9d4315-f0{align-self:center;}.kt-inner-column-height-full:not(.kt-has-1-columns) > .wp-block-kadence-column.kadence-column_9d4315-f0{align-self:auto;}.kt-inner-column-height-full:not(.kt-has-1-columns) > .wp-block-kadence-column.kadence-column_9d4315-f0 > .kt-inside-inner-col{flex-direction:column;justify-content:center;}.kadence-column_9d4315-f0 > .kt-inside-inner-col:before{opacity:0.3;}.kadence-column_9d4315-f0{text-align:left;}.kadence-column_9d4315-f0{position:relative;}@media all and (max-width: 1024px){.kt-row-column-wrap > .kadence-column_9d4315-f0{align-self:center;}}@media all and (max-width: 1024px){.kt-inner-column-height-full:not(.kt-has-1-columns) > .wp-block-kadence-column.kadence-column_9d4315-f0{align-self:auto;}}@media all and (max-width: 1024px){.kt-inner-column-height-full:not(.kt-has-1-columns) > .wp-block-kadence-column.kadence-column_9d4315-f0 > .kt-inside-inner-col{flex-direction:column;justify-content:center;}}@media all and (max-width: 1024px){.kadence-column_9d4315-f0 > .kt-inside-inner-col{flex-direction:column;justify-content:center;}}@media all and (max-width: 767px){.kt-row-column-wrap > .kadence-column_9d4315-f0{align-self:center;}.kt-inner-column-height-full:not(.kt-has-1-columns) > .wp-block-kadence-column.kadence-column_9d4315-f0{align-self:auto;}.kt-inner-column-height-full:not(.kt-has-1-columns) > .wp-block-kadence-column.kadence-column_9d4315-f0 > .kt-inside-inner-col{flex-direction:column;justify-content:center;}.kadence-column_9d4315-f0 > .kt-inside-inner-col{flex-direction:column;justify-content:center;}}<\/style>\n<div class=\"wp-block-kadence-column kadence-column_9d4315-f0 kb-section-dir-vertical inner-column-1\"><div class=\"kt-inside-inner-col\"><style>.wp-block-kadence-advancedheading.kt-adv-heading_dc459d-29, .wp-block-kadence-advancedheading.kt-adv-heading_dc459d-29[data-kb-block=\"kb-adv-heading_dc459d-29\"]{font-size:var(--global-kb-font-size-xl, 3rem);line-height:1.2;font-style:normal;}.wp-block-kadence-advancedheading.kt-adv-heading_dc459d-29 mark.kt-highlight, .wp-block-kadence-advancedheading.kt-adv-heading_dc459d-29[data-kb-block=\"kb-adv-heading_dc459d-29\"] mark.kt-highlight{font-style:normal;color:#f76a0c;-webkit-box-decoration-break:clone;box-decoration-break:clone;padding-top:0px;padding-right:0px;padding-bottom:0px;padding-left:0px;}.wp-block-kadence-advancedheading.kt-adv-heading_dc459d-29 img.kb-inline-image, .wp-block-kadence-advancedheading.kt-adv-heading_dc459d-29[data-kb-block=\"kb-adv-heading_dc459d-29\"] img.kb-inline-image{width:150px;vertical-align:baseline;}<\/style>\n<h2 class=\"kt-adv-heading_dc459d-29 wp-block-kadence-advancedheading has-theme-palette-3-color has-text-color\" data-kb-block=\"kb-adv-heading_dc459d-29\">Fiesta fluo<\/h2>\n\n\n\n<p>Fiesta s\u00faper completa con animaci\u00f3n recreativa, desaf\u00edos en equipos, taller de burbujas gigantes, stand maquillaje glitter, tatuajes y pelos locos.<\/p>\n\n\n\n<p>\ud83d\udcaa\ud83c\udffcInstalamos todas las luces ultravioletas con tr\u00edpodes y luces leds.<br>Incluye cotillon fluo para mega fiesta \ud83c\udf89\ud83c\udf89<br>Adicional rebot les (show de 25 min)<\/p>\n\n\n<style>.wp-block-kadence-advancedbtn.kb-btns_bf14bd-1b{gap:var(--global-kb-gap-xs, 0.5rem );justify-content:flex-start;align-items:center;}.kt-btns_bf14bd-1b .kt-button{font-weight:normal;font-style:normal;}<\/style>\n<div class=\"wp-block-kadence-advancedbtn kb-buttons-wrap kb-btns_bf14bd-1b\"><style>ul.menu .wp-block-kadence-advancedbtn .kb-btn_71ae03-64.kb-button{width:initial;}.wp-block-kadence-advancedbtn .kb-btn_71ae03-64.kb-button{border-top-left-radius:0px;border-top-right-radius:0px;border-bottom-right-radius:0px;border-bottom-left-radius:0px;border-top-color:var(--global-palette2, #2B6CB0);border-top-style:solid;border-right-color:var(--global-palette2, #2B6CB0);border-right-style:solid;border-bottom-color:var(--global-palette2, #2B6CB0);border-bottom-style:solid;border-left-color:var(--global-palette2, #2B6CB0);border-left-style:solid;}.wp-block-kadence-advancedbtn .kb-btn_71ae03-64.kb-button:hover, .wp-block-kadence-advancedbtn .kb-btn_71ae03-64.kb-button:focus{color:var(--global-palette9, #ffffff);background:var(--global-palette1, #3182CE);border-top-color:#444444;border-top-style:solid;border-right-color:#444444;border-right-style:solid;border-bottom-color:#444444;border-bottom-style:solid;border-left-color:#444444;border-left-style:solid;}@media all and (max-width: 1024px){.wp-block-kadence-advancedbtn .kb-btn_71ae03-64.kb-button{border-top-color:var(--global-palette2, #2B6CB0);border-top-style:solid;border-right-color:var(--global-palette2, #2B6CB0);border-right-style:solid;border-bottom-color:var(--global-palette2, #2B6CB0);border-bottom-style:solid;border-left-color:var(--global-palette2, #2B6CB0);border-left-style:solid;}}@media all and (max-width: 1024px){.wp-block-kadence-advancedbtn .kb-btn_71ae03-64.kb-button:hover, .wp-block-kadence-advancedbtn .kb-btn_71ae03-64.kb-button:focus{border-top-color:#444444;border-top-style:solid;border-right-color:#444444;border-right-style:solid;border-bottom-color:#444444;border-bottom-style:solid;border-left-color:#444444;border-left-style:solid;}}@media all and (max-width: 767px){.wp-block-kadence-advancedbtn .kb-btn_71ae03-64.kb-button{border-top-color:var(--global-palette2, #2B6CB0);border-top-style:solid;border-right-color:var(--global-palette2, #2B6CB0);border-right-style:solid;border-bottom-color:var(--global-palette2, #2B6CB0);border-bottom-style:solid;border-left-color:var(--global-palette2, #2B6CB0);border-left-style:solid;}.wp-block-kadence-advancedbtn .kb-btn_71ae03-64.kb-button:hover, .wp-block-kadence-advancedbtn .kb-btn_71ae03-64.kb-button:focus{border-top-color:#444444;border-top-style:solid;border-right-color:#444444;border-right-style:solid;border-bottom-color:#444444;border-bottom-style:solid;border-left-color:#444444;border-left-style:solid;}}<\/style><a class=\"kb-button kt-button button kb-btn_71ae03-64 kt-btn-size-standard kt-btn-width-type-auto kb-btn-global-inherit  kt-btn-has-text-true kt-btn-has-svg-false  wp-block-button__link wp-block-kadence-singlebtn\" href=\"https:\/\/twistereventosok.com\/index.php\/contact\/\"><span class=\"kt-btn-inner-text\">Cont\u00e1ctanos<\/span><\/a>\n\n<style>ul.menu .wp-block-kadence-advancedbtn .kb-btn_2f35b3-94.kb-button{width:initial;}.wp-block-kadence-advancedbtn .kb-btn_2f35b3-94.kb-button{border-top-left-radius:0px;border-top-right-radius:0px;border-bottom-right-radius:0px;border-bottom-left-radius:0px;border-top-color:var(--global-palette2, #2B6CB0);border-top-style:solid;border-right-color:var(--global-palette2, #2B6CB0);border-right-style:solid;border-bottom-color:var(--global-palette2, #2B6CB0);border-bottom-style:solid;border-left-color:var(--global-palette2, #2B6CB0);border-left-style:solid;}.wp-block-kadence-advancedbtn .kb-btn_2f35b3-94.kb-button:hover, .wp-block-kadence-advancedbtn .kb-btn_2f35b3-94.kb-button:focus{color:var(--global-palette9, #ffffff);background:var(--global-palette1, #3182CE);border-top-color:#444444;border-top-style:solid;border-right-color:#444444;border-right-style:solid;border-bottom-color:#444444;border-bottom-style:solid;border-left-color:#444444;border-left-style:solid;}@media all and (max-width: 1024px){.wp-block-kadence-advancedbtn .kb-btn_2f35b3-94.kb-button{border-top-color:var(--global-palette2, #2B6CB0);border-top-style:solid;border-right-color:var(--global-palette2, #2B6CB0);border-right-style:solid;border-bottom-color:var(--global-palette2, #2B6CB0);border-bottom-style:solid;border-left-color:var(--global-palette2, #2B6CB0);border-left-style:solid;}}@media all and (max-width: 1024px){.wp-block-kadence-advancedbtn .kb-btn_2f35b3-94.kb-button:hover, .wp-block-kadence-advancedbtn .kb-btn_2f35b3-94.kb-button:focus{border-top-color:#444444;border-top-style:solid;border-right-color:#444444;border-right-style:solid;border-bottom-color:#444444;border-bottom-style:solid;border-left-color:#444444;border-left-style:solid;}}@media all and (max-width: 767px){.wp-block-kadence-advancedbtn .kb-btn_2f35b3-94.kb-button{border-top-color:var(--global-palette2, #2B6CB0);border-top-style:solid;border-right-color:var(--global-palette2, #2B6CB0);border-right-style:solid;border-bottom-color:var(--global-palette2, #2B6CB0);border-bottom-style:solid;border-left-color:var(--global-palette2, #2B6CB0);border-left-style:solid;}.wp-block-kadence-advancedbtn .kb-btn_2f35b3-94.kb-button:hover, .wp-block-kadence-advancedbtn .kb-btn_2f35b3-94.kb-button:focus{border-top-color:#444444;border-top-style:solid;border-right-color:#444444;border-right-style:solid;border-bottom-color:#444444;border-bottom-style:solid;border-left-color:#444444;border-left-style:solid;}}<\/style><a class=\"kb-button kt-button button kb-btn_2f35b3-94 kt-btn-size-standard kt-btn-width-type-auto kb-btn-global-inherit  kt-btn-has-text-true kt-btn-has-svg-false  wp-block-button__link wp-block-kadence-singlebtn\" href=\"https:\/\/twistereventosok.com\/index.php\/eventos\/\"><span class=\"kt-btn-inner-text\">Ir a Eventos<\/span><\/a><\/div>\n<\/div><\/div>\n\n\n<style>.kadence-column_2ecc8d-54 > .kt-inside-inner-col,.kadence-column_2ecc8d-54 > .kt-inside-inner-col:before{border-top-left-radius:0px;border-top-right-radius:0px;border-bottom-right-radius:0px;border-bottom-left-radius:0px;}.kadence-column_2ecc8d-54 > .kt-inside-inner-col{column-gap:var(--global-kb-gap-sm, 1rem);}.kadence-column_2ecc8d-54 > .kt-inside-inner-col{flex-direction:column;}.kadence-column_2ecc8d-54 > .kt-inside-inner-col > .aligncenter{width:100%;}.kadence-column_2ecc8d-54 > .kt-inside-inner-col:before{opacity:0.3;}.kadence-column_2ecc8d-54{text-align:left;}.kadence-column_2ecc8d-54{position:relative;}@media all and (max-width: 1024px){.kadence-column_2ecc8d-54 > .kt-inside-inner-col{flex-direction:column;justify-content:center;}}@media all and (max-width: 767px){.kadence-column_2ecc8d-54 > .kt-inside-inner-col{flex-direction:column;justify-content:center;}}<\/style>\n<div class=\"wp-block-kadence-column kadence-column_2ecc8d-54 kb-section-dir-vertical inner-column-2\"><div class=\"kt-inside-inner-col\"><style>.kb-image_0f2475-a4 .kb-image-has-overlay:after{opacity:0.3;}<\/style>\n<figure class=\"wp-block-kadence-image kb-image_0f2475-a4 size-full kb-image-is-ratio-size\"><div class=\"kb-is-ratio-image kb-image-ratio-square\"><img loading=\"lazy\" decoding=\"async\" width=\"947\" height=\"711\" src=\"https:\/\/twistereventosok.com\/wp-content\/uploads\/2023\/06\/fluo-2.jpg\" alt=\"\" class=\"kb-img wp-image-890\" srcset=\"https:\/\/twistereventosok.com\/wp-content\/uploads\/2023\/06\/fluo-2.jpg 947w, https:\/\/twistereventosok.com\/wp-content\/uploads\/2023\/06\/fluo-2-300x225.jpg 300w, https:\/\/twistereventosok.com\/wp-content\/uploads\/2023\/06\/fluo-2-768x577.jpg 768w\" sizes=\"auto, (max-width: 947px) 100vw, 947px\" \/><\/div><\/figure>\n<\/div><\/div>\n\n<\/div><\/div>","protected":false},"excerpt":{"rendered":"<p>Fiesta fluo Fiesta s\u00faper completa con animaci\u00f3n recreativa, desaf\u00edos en equipos, taller de burbujas gigantes, stand maquillaje glitter, tatuajes y pelos locos. \ud83d\udcaa\ud83c\udffcInstalamos todas las luces ultravioletas con tr\u00edpodes y luces leds.Incluye cotillon fluo para mega fiesta \ud83c\udf89\ud83c\udf89Adicional rebot les (show de 25 min)<\/p>\n","protected":false},"author":1,"featured_media":0,"parent":0,"menu_order":0,"comment_status":"closed","ping_status":"closed","template":"","meta":{"om_disable_all_campaigns":false,"_monsterinsights_skip_tracking":false,"_monsterinsights_sitenote_active":false,"_monsterinsights_sitenote_note":"","_monsterinsights_sitenote_category":0,"_uf_show_specific_survey":0,"_uf_disable_surveys":false,"_kadence_starter_templates_imported_post":false,"_kad_post_transparent":"","_kad_post_title":"","_kad_post_layout":"","_kad_post_sidebar_id":"","_kad_post_content_style":"","_kad_post_vertical_padding":"","_kad_post_feature":"","_kad_post_feature_position":"","_kad_post_header":false,"_kad_post_footer":false,"_kad_post_classname":"","footnotes":""},"class_list":["post-889","page","type-page","status-publish","hentry"],"aioseo_notices":[],"_links":{"self":[{"href":"https:\/\/twistereventosok.com\/index.php\/wp-json\/wp\/v2\/pages\/889","targetHints":{"allow":["GET"]}}],"collection":[{"href":"https:\/\/twistereventosok.com\/index.php\/wp-json\/wp\/v2\/pages"}],"about":[{"href":"https:\/\/twistereventosok.com\/index.php\/wp-json\/wp\/v2\/types\/page"}],"author":[{"embeddable":true,"href":"https:\/\/twistereventosok.com\/index.php\/wp-json\/wp\/v2\/users\/1"}],"replies":[{"embeddable":true,"href":"https:\/\/twistereventosok.com\/index.php\/wp-json\/wp\/v2\/comments?post=889"}],"version-history":[{"count":4,"href":"https:\/\/twistereventosok.com\/index.php\/wp-json\/wp\/v2\/pages\/889\/revisions"}],"predecessor-version":[{"id":1191,"href":"https:\/\/twistereventosok.com\/index.php\/wp-json\/wp\/v2\/pages\/889\/revisions\/1191"}],"wp:attachment":[{"href":"https:\/\/twistereventosok.com\/index.php\/wp-json\/wp\/v2\/media?parent=889"}],"curies":[{"name":"wp","href":"https:\/\/api.w.org\/{rel}","templated":true}]}}